{"id":10331,"date":"2015-07-23T17:22:10","date_gmt":"2015-07-23T15:22:10","guid":{"rendered":"http:\/\/www.rubinox.com\/de\/?page_id=10331"},"modified":"2016-06-09T12:25:56","modified_gmt":"2016-06-09T10:25:56","slug":"imprint","status":"publish","type":"page","link":"https:\/\/www.rubinox.com\/de\/imprint\/","title":{"rendered":"Impressum"},"content":{"rendered":"<p>[et_pb_section admin_label=&#8220;section&#8220;][et_pb_row admin_label=&#8220;row&#8220; make_fullwidth=&#8220;off&#8220; use_custom_width=&#8220;off&#8220; width_unit=&#8220;off&#8220; use_custom_gutter=&#8220;on&#8220; padding_mobile=&#8220;off&#8220; allow_player_pause=&#8220;off&#8220; parallax=&#8220;off&#8220; parallax_method=&#8220;off&#8220; make_equal=&#8220;off&#8220; custom_css_main_element=&#8220;border-bottom: 1px solid #aaaaaa;&#8220; custom_padding=&#8220;|&#8220; gutter_width=&#8220;1&#8243; parallax_1=&#8220;off&#8220; parallax_method_1=&#8220;off&#8220; parallax_2=&#8220;off&#8220; parallax_method_2=&#8220;off&#8220; column_padding_mobile=&#8220;on&#8220;][et_pb_column type=&#8220;1_4&#8243;][et_pb_text admin_label=&#8220;Rubinox&#8220; background_layout=&#8220;light&#8220; text_orientation=&#8220;left&#8220; use_border_color=&#8220;off&#8220; border_color=&#8220;#ffffff&#8220; border_style=&#8220;solid&#8220; text_font=&#8220;|on|||&#8220;] Rubinox GmbH [\/et_pb_text][\/et_pb_column][et_pb_column type=&#8220;3_4&#8243;][et_pb_text admin_label=&#8220;Content&#8220; background_layout=&#8220;light&#8220; text_orientation=&#8220;left&#8220; use_border_color=&#8220;off&#8220; border_color=&#8220;#ffffff&#8220; border_style=&#8220;solid&#8220;]<\/p>\n<p>Bavariastra\u00dfe 12 d<br \/>80336 M\u00fcnchen<br \/>Deutschland<\/p>\n<p><span class=\"rxTab\">Tel.:<\/span>+49 89 58 80 30 12 &#8211; 0<br \/><span class=\"rxTab\">Fax:<\/span>+49 89 58 80 30 12 &#8211; 9<br \/><span class=\"rxTab\">E-Mail:<\/span><a class=\"mail\" title=\"\u00d6ffnet neues E-Mail Nachrichtenfenster\" href=\"mailto:contact@rubinox.com\">contact@rubinox.com<\/a><\/p>\n<p>[\/et_pb_text][\/et_pb_column][\/et_pb_row][et_pb_row admin_label=&#8220;row&#8220; make_fullwidth=&#8220;off&#8220; use_custom_width=&#8220;off&#8220; width_unit=&#8220;on&#8220; use_custom_gutter=&#8220;on&#8220; padding_mobile=&#8220;off&#8220; allow_player_pause=&#8220;off&#8220; parallax=&#8220;off&#8220; parallax_method=&#8220;off&#8220; make_equal=&#8220;off&#8220; custom_css_main_element=&#8220;border-bottom: 1px solid #aaaaaa;&#8220; gutter_width=&#8220;1&#8243;][et_pb_column type=&#8220;1_4&#8243;][et_pb_text admin_label=&#8220;Management&#8220; background_layout=&#8220;light&#8220; text_orientation=&#8220;left&#8220; use_border_color=&#8220;off&#8220; border_color=&#8220;#ffffff&#8220; border_style=&#8220;solid&#8220; text_font=&#8220;|on|||&#8220;] Gesch\u00e4ftsf\u00fchrung: [\/et_pb_text][\/et_pb_column][et_pb_column type=&#8220;3_4&#8243;][et_pb_text admin_label=&#8220;Content&#8220; background_layout=&#8220;light&#8220; text_orientation=&#8220;left&#8220; use_border_color=&#8220;off&#8220; border_color=&#8220;#ffffff&#8220; border_style=&#8220;solid&#8220;] Dipl.-Ing. Werner Biebl \/ Michael Brinkmann [\/et_pb_text][\/et_pb_column][\/et_pb_row][et_pb_row admin_label=&#8220;row&#8220; make_fullwidth=&#8220;off&#8220; use_custom_width=&#8220;off&#8220; width_unit=&#8220;on&#8220; use_custom_gutter=&#8220;on&#8220; padding_mobile=&#8220;off&#8220; allow_player_pause=&#8220;off&#8220; parallax=&#8220;off&#8220; parallax_method=&#8220;off&#8220; make_equal=&#8220;off&#8220; custom_css_main_element=&#8220;border-bottom: 1px solid #aaaaaa;&#8220; gutter_width=&#8220;1&#8243;][et_pb_column type=&#8220;1_4&#8243;][et_pb_text admin_label=&#8220;Registrar&#8220; background_layout=&#8220;light&#8220; text_orientation=&#8220;left&#8220; use_border_color=&#8220;off&#8220; border_color=&#8220;#ffffff&#8220; border_style=&#8220;solid&#8220; text_font=&#8220;|on|||&#8220;] Registergericht: [\/et_pb_text][\/et_pb_column][et_pb_column type=&#8220;3_4&#8243;][et_pb_text admin_label=&#8220;Content&#8220; background_layout=&#8220;light&#8220; text_orientation=&#8220;left&#8220; use_border_color=&#8220;off&#8220; border_color=&#8220;#ffffff&#8220; border_style=&#8220;solid&#8220;] Registergericht M\u00fcnchen [\/et_pb_text][\/et_pb_column][\/et_pb_row][et_pb_row admin_label=&#8220;row&#8220; make_fullwidth=&#8220;off&#8220; use_custom_width=&#8220;off&#8220; width_unit=&#8220;on&#8220; use_custom_gutter=&#8220;on&#8220; padding_mobile=&#8220;off&#8220; allow_player_pause=&#8220;off&#8220; parallax=&#8220;off&#8220; parallax_method=&#8220;off&#8220; make_equal=&#8220;off&#8220; custom_css_main_element=&#8220;border-bottom: 1px solid #aaaaaa;&#8220; gutter_width=&#8220;1&#8243;][et_pb_column type=&#8220;1_4&#8243;][et_pb_text admin_label=&#8220;Registration&#8220; background_layout=&#8220;light&#8220; text_orientation=&#8220;left&#8220; use_border_color=&#8220;off&#8220; border_color=&#8220;#ffffff&#8220; border_style=&#8220;solid&#8220; text_font=&#8220;|on|||&#8220;] Registernummer: [\/et_pb_text][\/et_pb_column][et_pb_column type=&#8220;3_4&#8243;][et_pb_text admin_label=&#8220;Content&#8220; background_layout=&#8220;light&#8220; text_orientation=&#8220;left&#8220; use_border_color=&#8220;off&#8220; border_color=&#8220;#ffffff&#8220; border_style=&#8220;solid&#8220;] HRB 167023 [\/et_pb_text][\/et_pb_column][\/et_pb_row][et_pb_row admin_label=&#8220;row&#8220; make_fullwidth=&#8220;off&#8220; use_custom_width=&#8220;off&#8220; width_unit=&#8220;on&#8220; use_custom_gutter=&#8220;on&#8220; padding_mobile=&#8220;off&#8220; allow_player_pause=&#8220;off&#8220; parallax=&#8220;off&#8220; parallax_method=&#8220;off&#8220; make_equal=&#8220;off&#8220; custom_css_main_element=&#8220;border-bottom: 1px solid #aaaaaa;&#8220; gutter_width=&#8220;1&#8243;][et_pb_column type=&#8220;1_4&#8243;][et_pb_text admin_label=&#8220;VAT&#8220; background_layout=&#8220;light&#8220; text_orientation=&#8220;left&#8220; use_border_color=&#8220;off&#8220; border_color=&#8220;#ffffff&#8220; border_style=&#8220;solid&#8220; text_font=&#8220;|on|||&#8220;] Umsatzsteuer-Identifikationsnummer: [\/et_pb_text][\/et_pb_column][et_pb_column type=&#8220;3_4&#8243;][et_pb_text admin_label=&#8220;Content&#8220; background_layout=&#8220;light&#8220; text_orientation=&#8220;left&#8220; use_border_color=&#8220;off&#8220; border_color=&#8220;#ffffff&#8220; border_style=&#8220;solid&#8220;] DE 253 313 558 [\/et_pb_text][\/et_pb_column][\/et_pb_row][et_pb_row admin_label=&#8220;row&#8220; make_fullwidth=&#8220;off&#8220; use_custom_width=&#8220;off&#8220; width_unit=&#8220;on&#8220; use_custom_gutter=&#8220;on&#8220; padding_mobile=&#8220;off&#8220; allow_player_pause=&#8220;off&#8220; parallax=&#8220;off&#8220; parallax_method=&#8220;off&#8220; make_equal=&#8220;off&#8220; custom_css_main_element=&#8220;border-bottom: 1px solid #aaaaaa;&#8220; gutter_width=&#8220;1&#8243;][et_pb_column type=&#8220;1_4&#8243;][et_pb_text admin_label=&#8220;Responsible&#8220; background_layout=&#8220;light&#8220; text_orientation=&#8220;left&#8220; use_border_color=&#8220;off&#8220; border_color=&#8220;#ffffff&#8220; border_style=&#8220;solid&#8220; text_font=&#8220;|on|||&#8220;] Inhaltlich verantwortlich: [\/et_pb_text][\/et_pb_column][et_pb_column type=&#8220;3_4&#8243;][et_pb_text admin_label=&#8220;Content&#8220; background_layout=&#8220;light&#8220; text_orientation=&#8220;left&#8220; use_border_color=&#8220;off&#8220; border_color=&#8220;#ffffff&#8220; border_style=&#8220;solid&#8220;] Rubinox GmbH [\/et_pb_text][\/et_pb_column][\/et_pb_row][et_pb_row admin_label=&#8220;row&#8220; make_fullwidth=&#8220;off&#8220; use_custom_width=&#8220;off&#8220; width_unit=&#8220;on&#8220; use_custom_gutter=&#8220;on&#8220; padding_mobile=&#8220;off&#8220; allow_player_pause=&#8220;off&#8220; parallax=&#8220;off&#8220; parallax_method=&#8220;off&#8220; make_equal=&#8220;off&#8220; gutter_width=&#8220;1&#8243;][et_pb_column type=&#8220;1_4&#8243;][et_pb_text admin_label=&#8220;Design&#8220; background_layout=&#8220;light&#8220; text_orientation=&#8220;left&#8220; use_border_color=&#8220;off&#8220; border_color=&#8220;#ffffff&#8220; border_style=&#8220;solid&#8220; text_font=&#8220;|on|||&#8220;] Design und Entwicklung: [\/et_pb_text][\/et_pb_column][et_pb_column type=&#8220;3_4&#8243;][et_pb_text admin_label=&#8220;Content&#8220; background_layout=&#8220;light&#8220; text_orientation=&#8220;left&#8220; use_border_color=&#8220;off&#8220; border_color=&#8220;#ffffff&#8220; border_style=&#8220;solid&#8220;] Rubinox GmbH [\/et_pb_text][\/et_pb_column][\/et_pb_row][\/et_pb_section]<\/p>\n","protected":false},"excerpt":{"rendered":"<p>Rubinox GmbH Bavariastra\u00dfe 12 d80336 M\u00fcnchenDeutschlandTel.:+49 89 58 80 30 12 &#8211; 0Fax:+49 89 58 80 30 12 &#8211; 9E-Mail:contact@rubinox.com Gesch\u00e4ftsf\u00fchrung: Dipl.-Ing. Werner Biebl \/ Michael Brinkmann Registergericht: Registergericht M\u00fcnchen Registernummer: HRB 167023 Umsatzsteuer-Identifikationsnummer: DE 253 313 558 Inhaltlich verantwortlich: Rubinox GmbH Design und Entwicklung: Rubinox GmbH<\/p>\n","protected":false},"author":1,"featured_media":0,"parent":0,"menu_order":2,"comment_status":"open","ping_status":"open","template":"","meta":{"_et_pb_use_builder":"on","_et_pb_old_content":"","_et_gb_content_width":"","footnotes":""},"class_list":["post-10331","page","type-page","status-publish","hentry"],"_links":{"self":[{"href":"https:\/\/www.rubinox.com\/de\/wp-json\/wp\/v2\/pages\/10331","targetHints":{"allow":["GET"]}}],"collection":[{"href":"https:\/\/www.rubinox.com\/de\/wp-json\/wp\/v2\/pages"}],"about":[{"href":"https:\/\/www.rubinox.com\/de\/wp-json\/wp\/v2\/types\/page"}],"author":[{"embeddable":true,"href":"https:\/\/www.rubinox.com\/de\/wp-json\/wp\/v2\/users\/1"}],"replies":[{"embeddable":true,"href":"https:\/\/www.rubinox.com\/de\/wp-json\/wp\/v2\/comments?post=10331"}],"version-history":[{"count":3,"href":"https:\/\/www.rubinox.com\/de\/wp-json\/wp\/v2\/pages\/10331\/revisions"}],"predecessor-version":[{"id":12592,"href":"https:\/\/www.rubinox.com\/de\/wp-json\/wp\/v2\/pages\/10331\/revisions\/12592"}],"wp:attachment":[{"href":"https:\/\/www.rubinox.com\/de\/wp-json\/wp\/v2\/media?parent=10331"}],"curies":[{"name":"wp","href":"https:\/\/api.w.org\/{rel}","templated":true}]}}